{"id":9,"date":"2016-04-03T13:23:33","date_gmt":"2016-04-03T13:23:33","guid":{"rendered":"http:\/\/winzerkapelle-ensch.de\/?page_id=9"},"modified":"2026-02-16T10:01:58","modified_gmt":"2026-02-16T10:01:58","slug":"ueber-uns","status":"publish","type":"page","link":"https:\/\/winzerkapelle-ensch.de\/?page_id=9","title":{"rendered":"Das sind wir"},"content":{"rendered":"\n<figure class=\"wp-block-image size-large\"><img loading=\"lazy\" decoding=\"async\" width=\"1024\" height=\"512\" src=\"http:\/\/winzerkapelle-ensch.de\/wp-content\/uploads\/2023\/04\/P1040982-1024x512.jpg\" alt=\"\" class=\"wp-image-871\" srcset=\"https:\/\/winzerkapelle-ensch.de\/wp-content\/uploads\/2023\/04\/P1040982-1024x512.jpg 1024w, https:\/\/winzerkapelle-ensch.de\/wp-content\/uploads\/2023\/04\/P1040982-300x150.jpg 300w, https:\/\/winzerkapelle-ensch.de\/wp-content\/uploads\/2023\/04\/P1040982-768x384.jpg 768w, https:\/\/winzerkapelle-ensch.de\/wp-content\/uploads\/2023\/04\/P1040982-1536x768.jpg 1536w, https:\/\/winzerkapelle-ensch.de\/wp-content\/uploads\/2023\/04\/P1040982-2048x1024.jpg 2048w\" sizes=\"auto, (max-width: 1024px) 100vw, 1024px\" \/><\/figure>\n\n\n<p>Das sch\u00f6ne Ensch im Landkreis Trier-Saarburg liegt rund 25 km von Trier. Die Gemeinde Ensch z\u00e4hlt rund 500 Einwohner.<\/p>\n<p>Die Winzerkapelle ist ein wichtiger Kulturtr\u00e4ger im Gemeindeleben. Neben der F\u00f6rderung und Erhaltung der Blasmusik, liegt ein Schwerpunkt der Vereinsarbeit in der Jugendarbeit.<\/p>\n<p>Zurzeit z\u00e4hlt die Winzerkapelle 28 Musikerinnen und Musiker und ist im Durchschnitt unter 35 Jahre jung, rund 10 Kinder befinden sich derzeit in der Ausbildung.<\/p>","protected":false},"excerpt":{"rendered":"<p>Das sch\u00f6ne Ensch im Landkreis Trier-Saarburg liegt rund 25 km von Trier. Die Gemeinde Ensch z\u00e4hlt rund 500 Einwohner. Die Winzerkapelle ist ein wichtiger Kulturtr\u00e4ger im Gemeindeleben. Neben der F\u00f6rderung [&hellip;]<\/p>\n","protected":false},"author":1,"featured_media":0,"parent":0,"menu_order":2,"comment_status":"closed","ping_status":"closed","template":"","meta":{"footnotes":""},"class_list":["post-9","page","type-page","status-publish","hentry"],"_links":{"self":[{"href":"https:\/\/winzerkapelle-ensch.de\/index.php?rest_route=\/wp\/v2\/pages\/9","targetHints":{"allow":["GET"]}}],"collection":[{"href":"https:\/\/winzerkapelle-ensch.de\/index.php?rest_route=\/wp\/v2\/pages"}],"about":[{"href":"https:\/\/winzerkapelle-ensch.de\/index.php?rest_route=\/wp\/v2\/types\/page"}],"author":[{"embeddable":true,"href":"https:\/\/winzerkapelle-ensch.de\/index.php?rest_route=\/wp\/v2\/users\/1"}],"replies":[{"embeddable":true,"href":"https:\/\/winzerkapelle-ensch.de\/index.php?rest_route=%2Fwp%2Fv2%2Fcomments&post=9"}],"version-history":[{"count":14,"href":"https:\/\/winzerkapelle-ensch.de\/index.php?rest_route=\/wp\/v2\/pages\/9\/revisions"}],"predecessor-version":[{"id":1109,"href":"https:\/\/winzerkapelle-ensch.de\/index.php?rest_route=\/wp\/v2\/pages\/9\/revisions\/1109"}],"wp:attachment":[{"href":"https:\/\/winzerkapelle-ensch.de\/index.php?rest_route=%2Fwp%2Fv2%2Fmedia&parent=9"}],"curies":[{"name":"wp","href":"https:\/\/api.w.org\/{rel}","templated":true}]}}