{"id":755,"date":"2022-12-06T19:34:10","date_gmt":"2022-12-06T19:34:10","guid":{"rendered":"http:\/\/winzerkapelle-ensch.de\/?page_id=755"},"modified":"2022-12-06T19:34:10","modified_gmt":"2022-12-06T19:34:10","slug":"jugend","status":"publish","type":"page","link":"https:\/\/winzerkapelle-ensch.de\/?page_id=755","title":{"rendered":"Jugend"},"content":{"rendered":"\n<p>Die Jugendarbeit stellt das Herzst\u00fcck der Winzerkapelle dar. Um diese weiter zu verbessern sind wir 2021 eine Kooperation mit der Winzerkapelle Mehring eingegangen.<\/p>\n\n\n\n<p>Wir legen nicht nur sehr gro\u00dfen Wer auf die musikalische Ausbildung, sondern auch auf die au\u00dfermusikalischen Angebote. Hierzu z\u00e4hlen regelm\u00e4\u00dfige Freizeitaktivit\u00e4ten.<\/p>\n","protected":false},"excerpt":{"rendered":"<p>Die Jugendarbeit stellt das Herzst\u00fcck der Winzerkapelle dar. Um diese weiter zu verbessern sind wir 2021 eine Kooperation mit der Winzerkapelle Mehring eingegangen. Wir legen nicht nur sehr gro\u00dfen Wer [&hellip;]<\/p>\n","protected":false},"author":1,"featured_media":0,"parent":0,"menu_order":2,"comment_status":"closed","ping_status":"closed","template":"","meta":{"footnotes":""},"class_list":["post-755","page","type-page","status-publish","hentry"],"_links":{"self":[{"href":"https:\/\/winzerkapelle-ensch.de\/index.php?rest_route=\/wp\/v2\/pages\/755","targetHints":{"allow":["GET"]}}],"collection":[{"href":"https:\/\/winzerkapelle-ensch.de\/index.php?rest_route=\/wp\/v2\/pages"}],"about":[{"href":"https:\/\/winzerkapelle-ensch.de\/index.php?rest_route=\/wp\/v2\/types\/page"}],"author":[{"embeddable":true,"href":"https:\/\/winzerkapelle-ensch.de\/index.php?rest_route=\/wp\/v2\/users\/1"}],"replies":[{"embeddable":true,"href":"https:\/\/winzerkapelle-ensch.de\/index.php?rest_route=%2Fwp%2Fv2%2Fcomments&post=755"}],"version-history":[{"count":1,"href":"https:\/\/winzerkapelle-ensch.de\/index.php?rest_route=\/wp\/v2\/pages\/755\/revisions"}],"predecessor-version":[{"id":756,"href":"https:\/\/winzerkapelle-ensch.de\/index.php?rest_route=\/wp\/v2\/pages\/755\/revisions\/756"}],"wp:attachment":[{"href":"https:\/\/winzerkapelle-ensch.de\/index.php?rest_route=%2Fwp%2Fv2%2Fmedia&parent=755"}],"curies":[{"name":"wp","href":"https:\/\/api.w.org\/{rel}","templated":true}]}}