{"id":37,"date":"2016-04-03T16:19:48","date_gmt":"2016-04-03T16:19:48","guid":{"rendered":"http:\/\/winzerkapelle-ensch.de\/?page_id=37"},"modified":"2025-06-13T07:22:00","modified_gmt":"2025-06-13T07:22:00","slug":"intresse","status":"publish","type":"page","link":"https:\/\/winzerkapelle-ensch.de\/?page_id=37","title":{"rendered":"Interesse?"},"content":{"rendered":"<p>Wenn Sie oder Ihr Kind daran interessiert sind bei uns mitzuspielen oder ein Instrument neu zu erlernen, laden wir Sie herzlich zu unseren Proben ein. Die Proben finden immer freitags im B\u00fcrgerhaus in Ensch zu den folgenden Uhrzeiten statt:<\/p>\n<ul>\n<li>JPO Ensch-Mehring: 17:00 Uhr \u2013 18:30Uhr (monatlicher Wechsel zwischen Ensch und Mehring)<\/li>\n<li>Blasorchester: \u00a0 \u00a0 \u00a019:30 Uhr \u2013 21:30Uhr<\/li>\n<\/ul>\n<p>Zwischen den Proben stehen Ihnen unsere Dirigentin und Jugendbeauftragte f\u00fcr Fragen zur Verf\u00fcgung. Haben Sie schon unsere Seite\u00a0<a href=\"http:\/\/winzerkapelle-ensch.de\/?page_id=23\">Ausbildungssystem\u00a0<\/a>gesehen? Hier k\u00f6nnen Sie sich auch schon vorab dar\u00fcber informieren, welche Ausbildungs- und Musizierangebote wir Ihnen machen k\u00f6nnen.<\/p>\n","protected":false},"excerpt":{"rendered":"<p>Wenn Sie oder Ihr Kind daran interessiert sind bei uns mitzuspielen oder ein Instrument neu zu erlernen, laden wir Sie herzlich zu unseren Proben ein. Die Proben finden immer freitags [&hellip;]<\/p>\n","protected":false},"author":1,"featured_media":0,"parent":33,"menu_order":0,"comment_status":"closed","ping_status":"closed","template":"","meta":{"footnotes":""},"class_list":["post-37","page","type-page","status-publish","hentry"],"_links":{"self":[{"href":"https:\/\/winzerkapelle-ensch.de\/index.php?rest_route=\/wp\/v2\/pages\/37","targetHints":{"allow":["GET"]}}],"collection":[{"href":"https:\/\/winzerkapelle-ensch.de\/index.php?rest_route=\/wp\/v2\/pages"}],"about":[{"href":"https:\/\/winzerkapelle-ensch.de\/index.php?rest_route=\/wp\/v2\/types\/page"}],"author":[{"embeddable":true,"href":"https:\/\/winzerkapelle-ensch.de\/index.php?rest_route=\/wp\/v2\/users\/1"}],"replies":[{"embeddable":true,"href":"https:\/\/winzerkapelle-ensch.de\/index.php?rest_route=%2Fwp%2Fv2%2Fcomments&post=37"}],"version-history":[{"count":5,"href":"https:\/\/winzerkapelle-ensch.de\/index.php?rest_route=\/wp\/v2\/pages\/37\/revisions"}],"predecessor-version":[{"id":1087,"href":"https:\/\/winzerkapelle-ensch.de\/index.php?rest_route=\/wp\/v2\/pages\/37\/revisions\/1087"}],"up":[{"embeddable":true,"href":"https:\/\/winzerkapelle-ensch.de\/index.php?rest_route=\/wp\/v2\/pages\/33"}],"wp:attachment":[{"href":"https:\/\/winzerkapelle-ensch.de\/index.php?rest_route=%2Fwp%2Fv2%2Fmedia&parent=37"}],"curies":[{"name":"wp","href":"https:\/\/api.w.org\/{rel}","templated":true}]}}