{"id":178,"date":"2017-06-14T06:38:56","date_gmt":"2017-06-14T06:38:56","guid":{"rendered":"http:\/\/winzerkapelle-ensch.de\/?page_id=178"},"modified":"2025-06-13T07:13:30","modified_gmt":"2025-06-13T07:13:30","slug":"unsere-register","status":"publish","type":"page","link":"http:\/\/winzerkapelle-ensch.de\/?page_id=178","title":{"rendered":"Hauptorchester"},"content":{"rendered":"\n<p>Die Winzerkapelle Ensch ist ein Blasorchester, welches 1958 gegr\u00fcndet wurde. Seit 2014 obliegt die musikalische Leitung Carolin Welter.<\/p>\n\n\n\n<figure class=\"wp-block-image size-large\"><img loading=\"lazy\" decoding=\"async\" width=\"1024\" height=\"512\" src=\"http:\/\/winzerkapelle-ensch.de\/wp-content\/uploads\/2023\/04\/P1040982-1024x512.jpg\" alt=\"\" class=\"wp-image-871\" srcset=\"http:\/\/winzerkapelle-ensch.de\/wp-content\/uploads\/2023\/04\/P1040982-1024x512.jpg 1024w, http:\/\/winzerkapelle-ensch.de\/wp-content\/uploads\/2023\/04\/P1040982-300x150.jpg 300w, http:\/\/winzerkapelle-ensch.de\/wp-content\/uploads\/2023\/04\/P1040982-768x384.jpg 768w, http:\/\/winzerkapelle-ensch.de\/wp-content\/uploads\/2023\/04\/P1040982-1536x768.jpg 1536w, http:\/\/winzerkapelle-ensch.de\/wp-content\/uploads\/2023\/04\/P1040982-2048x1024.jpg 2048w\" sizes=\"auto, (max-width: 1024px) 100vw, 1024px\" \/><\/figure>\n\n\n\n<p><\/p>\n\n\n\n<p><strong>Unsere Register<\/strong><\/p>\n\n\n\n<figure class=\"wp-block-table is-style-stripes\"><table class=\"has-fixed-layout\"><tbody><tr><td><strong>Musikalische Leitung<\/strong><\/td><td>Andreas M\u00fcller<\/td><\/tr><tr><td><strong>Querfl\u00f6te<\/strong><\/td><td>1<\/td><\/tr><tr><td><strong>Klarinetten<\/strong><\/td><td>3<\/td><\/tr><tr><td><strong>Tenor Saxophone <\/strong><\/td><td>1<\/td><\/tr><tr><td><strong>Alt-Saxophone<\/strong><\/td><td>3<\/td><\/tr><tr><td><strong>Trompeten<\/strong><\/td><td>5<\/td><\/tr><tr><td><strong>Posaunen<\/strong><\/td><td>3<\/td><\/tr><tr><td><strong>Tenorhorn\/Bariton<\/strong><\/td><td>3<\/td><\/tr><tr><td><strong>F-Horn<\/strong><\/td><td>2<\/td><\/tr><tr><td><strong>Tuba<\/strong><\/td><td>1<\/td><\/tr><tr><td><strong>Schlagwerk<\/strong><\/td><td>5<\/td><\/tr><tr><td><\/td><td><\/td><\/tr><\/tbody><\/table><\/figure>\n\n\n\n<p><\/p>\n\n\n\n<p><\/p>\n","protected":false},"excerpt":{"rendered":"<p>Die Winzerkapelle Ensch ist ein Blasorchester, welches 1958 gegr\u00fcndet wurde. Seit 2014 obliegt die musikalische Leitung Carolin Welter. Unsere Register Musikalische Leitung Andreas M\u00fcller Querfl\u00f6te 1 Klarinetten 3 Tenor Saxophone [&hellip;]<\/p>\n","protected":false},"author":1,"featured_media":0,"parent":9,"menu_order":1,"comment_status":"closed","ping_status":"closed","template":"","meta":{"footnotes":""},"class_list":["post-178","page","type-page","status-publish","hentry"],"_links":{"self":[{"href":"http:\/\/winzerkapelle-ensch.de\/index.php?rest_route=\/wp\/v2\/pages\/178","targetHints":{"allow":["GET"]}}],"collection":[{"href":"http:\/\/winzerkapelle-ensch.de\/index.php?rest_route=\/wp\/v2\/pages"}],"about":[{"href":"http:\/\/winzerkapelle-ensch.de\/index.php?rest_route=\/wp\/v2\/types\/page"}],"author":[{"embeddable":true,"href":"http:\/\/winzerkapelle-ensch.de\/index.php?rest_route=\/wp\/v2\/users\/1"}],"replies":[{"embeddable":true,"href":"http:\/\/winzerkapelle-ensch.de\/index.php?rest_route=%2Fwp%2Fv2%2Fcomments&post=178"}],"version-history":[{"count":22,"href":"http:\/\/winzerkapelle-ensch.de\/index.php?rest_route=\/wp\/v2\/pages\/178\/revisions"}],"predecessor-version":[{"id":1078,"href":"http:\/\/winzerkapelle-ensch.de\/index.php?rest_route=\/wp\/v2\/pages\/178\/revisions\/1078"}],"up":[{"embeddable":true,"href":"http:\/\/winzerkapelle-ensch.de\/index.php?rest_route=\/wp\/v2\/pages\/9"}],"wp:attachment":[{"href":"http:\/\/winzerkapelle-ensch.de\/index.php?rest_route=%2Fwp%2Fv2%2Fmedia&parent=178"}],"curies":[{"name":"wp","href":"https:\/\/api.w.org\/{rel}","templated":true}]}}